{"id":3644,"date":"2023-09-11T07:53:06","date_gmt":"2023-09-11T07:53:06","guid":{"rendered":"http:\/\/dev.hivjusticeworldwide.org\/?page_id=3644"},"modified":"2023-09-18T09:37:42","modified_gmt":"2023-09-18T09:37:42","slug":"3644-2","status":"publish","type":"page","link":"http:\/\/dev.hivjusticeworldwide.org\/es\/3644-2\/","title":{"rendered":"\u00bfQu\u00e9 es la criminalizaci\u00f3n del VIH?"},"content":{"rendered":"<p>La criminalizaci\u00f3n del VIH se refiere a la aplicaci\u00f3n injusta de la legislaci\u00f3n penal sobre las personas que viven con el VIH debido \u00fanicamente a su estado serol\u00f3gico. Esto incluye el uso de leyes penales generales, o espec\u00edficas del VIH, para procesar a las personas con este virus por la transmisi\u00f3n no intencional del VIH, la exposici\u00f3n percibida o potencial al VIH, y\/o la no revelaci\u00f3n de un estado serol\u00f3gico positivo diagnosticado.<\/p>\n<p>La criminalizaci\u00f3n del VIH es un <a href=\"https:\/\/www.hivjustice.net\/global-hiv-criminalisation-database\/\">fen\u00f3meno mundial<\/a> en auge que socava tanto los derechos humanos como los esfuerzos de salud p\u00fablica, debilitando as\u00ed la respuesta al VIH.<\/p>\n<div class=\"answer-style\">\n<p><strong>\u00bfQu\u00e9 conductas se ven afectadas por estas leyes?<\/strong><\/p>\n<p>La criminalizaci\u00f3n del VIH tiene lugar bien empleando estatutos penales espec\u00edficos del VIH o bien aplicando la legislaci\u00f3n penal general\u00a0de forma exclusiva o desproporcionada contra las personas con el VIH<\/p>\n<p>En muchos casos, las leyes que criminalizan el VIH son excesivamente amplias (en su redacci\u00f3n expl\u00edcita o en la forma en que se han interpretado y aplicado), lo que hace que las personas con el VIH (as\u00ed como aquellas percibidas por las autoridades como en situaci\u00f3n de riesgo) sean extremadamente vulnerables frente a un amplio abanico de violaciones de sus derechos humanos<\/p>\n<p>Por lo general, estas leyes se emplean para enjuiciar a personas que saben que tienen el VIH y que, supuestamente, no revelaron su estado serol\u00f3gico antes de mantener una relaci\u00f3n sexual (no revelado del VIH), que se considera que han expuesto potencialmente a otras al VIH (exposici\u00f3n al VIH), o que se piensa que han transmitido el VIH (transmisi\u00f3n del VIH)<\/p>\n<p>En muchos pa\u00edses, una persona con el VIH a la que encuentran culpable de otros \u2018delitos\u2019 (notablemente, aunque no exclusivamente, trabajo sexual, adem\u00e1s de las que durante su arresto o encarcelamiento escupen o muerden al personal responsable de implementar la ley) a menudo se enfrentan a sentencias m\u00e1s duras incluso aunque la exposici\u00f3n o transmisi\u00f3n del VIH no fuera posible o entra\u00f1ase (como mucho) un riesgo muy peque\u00f1o.<\/p>\n<div class=\"answer-style\">\n<p><strong>\u00bfHasta qu\u00e9 punto es generalizada la criminalizaci\u00f3n del VIH?<\/strong><\/p>\n<p><span lang=\"ES-TRAD\">En marzo de 2023, <strong>91 pa\u00edses<\/strong> (114 jurisdicciones) tienen alguna forma de ley penal espec\u00edfica al VIH y se tiene conocimiento de que <strong>41 pa\u00edses<\/strong> (61 jurisdicciones) han aplicado leyes penales generales para procesar penalmente a personas que viven con VIH por presuntamente no revelaci\u00f3n de su estatus serol\u00f3gico, exposici\u00f3n percibida o potencial al VIH, y \/o transmisi\u00f3n no intencional del VIH.<\/span><\/p>\n<p>&nbsp;<\/p>\n<\/div>\n<\/div>\n<p><strong><img decoding=\"async\" loading=\"lazy\" class=\"with-border aligncenter wp-image-3807 size-full\" src=\"http:\/\/dev.hivjusticeworldwide.org\/wp-content\/uploads\/2023\/09\/HIV-Criminalisation-Global-Overview-Maps-March-2023-ES-1.png\" alt=\"\" width=\"1201\" height=\"848\" srcset=\"http:\/\/dev.hivjusticeworldwide.org\/wp-content\/uploads\/2023\/09\/HIV-Criminalisation-Global-Overview-Maps-March-2023-ES-1.png 1201w, http:\/\/dev.hivjusticeworldwide.org\/wp-content\/uploads\/2023\/09\/HIV-Criminalisation-Global-Overview-Maps-March-2023-ES-1-600x424.png 600w, http:\/\/dev.hivjusticeworldwide.org\/wp-content\/uploads\/2023\/09\/HIV-Criminalisation-Global-Overview-Maps-March-2023-ES-1-1024x723.png 1024w, http:\/\/dev.hivjusticeworldwide.org\/wp-content\/uploads\/2023\/09\/HIV-Criminalisation-Global-Overview-Maps-March-2023-ES-1-768x542.png 768w, http:\/\/dev.hivjusticeworldwide.org\/wp-content\/uploads\/2023\/09\/HIV-Criminalisation-Global-Overview-Maps-March-2023-ES-1-1200x847.png 1200w, http:\/\/dev.hivjusticeworldwide.org\/wp-content\/uploads\/2023\/09\/HIV-Criminalisation-Global-Overview-Maps-March-2023-ES-1-400x282.png 400w\" sizes=\"(max-width: 1201px) 100vw, 1201px\" \/><\/strong><\/p>\n<p><span lang=\"ES-TRAD\">Para descargar un PDF con un mapa mundial, con detalles sobre leyes reformadas o derogadas, <\/span><a href=\"http:\/\/dev.hivjusticeworldwide.org\/wp-content\/uploads\/2023\/09\/HIV-Criminalisation-Global-Overview-Maps-March-2023-ES.pdf\"><span lang=\"ES-TRAD\">haga click aqu\u00ed.<\/span><\/a><\/p>\n<p style=\"font-weight: 400;\">Para ver los casos m\u00e1s recientes e informaci\u00f3n detallada por pa\u00eds, visite la <a href=\"https:\/\/www.hivjustice.net\/global-hiv-criminalisation-database\/\" target=\"_blank\" rel=\"noopener\">Base de Datos Mundial sobre Criminalizaci\u00f3n del VIH<\/a> de HIV Justice Network.<\/p>\n<p><strong>\u00bfDe qu\u00e9 modo la criminalizaci\u00f3n del VIH est\u00e1 socavando la respuesta al VIH?<\/strong><\/p>\n<p><span lang=\"ES-TRAD\">La criminalizaci\u00f3n del VIH socava los objetivos de salud p\u00fablica de muchas formas. <\/span><\/p>\n<p>Los enjuiciamientos, y la atenci\u00f3n medi\u00e1tica que atraen, singularizan y dan un trato sensacionalista al VIH de una manera que resulta muy estigmatizadora, calificando el diagn\u00f3stico del VIH como \u2018cat\u00e1strofe\u2019 y a las personas con el VIH como \u2018amenaza inherente para la sociedad\u2019. Resulta inadecuado sugerir que la actuaci\u00f3n penal constituye una respuesta primaria o adecuada frente a cualquier exposici\u00f3n percibida o potencial al VIH. Este estigma hace que resulte a\u00fan m\u00e1s dif\u00edcil revelar el estado serol\u00f3gico al VIH a las parejas \u00edntimas. La evidencia sugiere que esto podr\u00eda desalentar la realizaci\u00f3n de la prueba, particularmente en el caso de aquellas personas provenientes de comunidades en situaci\u00f3n de elevada vulnerabilidad frente a la infecci\u00f3n por el VIH. Promover la realizaci\u00f3n de la prueba del VIH constituye una parte esencial de una respuesta eficaz a la epidemia: un diagn\u00f3stico positivo al VIH es el primer paso para acceder a un tratamiento antirretroviral que ayudar\u00e1 a mejorar la salud, mientras que un resultado negativo es el primer paso para acceder a la profilaxis preexposici\u00f3n (PrEP, en sus siglas en ingl\u00e9s), dos factores que constituyen herramientas clave en la prevenci\u00f3n del VIH<\/p>\n<p>La criminalizaci\u00f3n del VIH tambi\u00e9n puede socavar la relaci\u00f3n terap\u00e9utica entre las personas con el VIH y las personas profesionales de la salud, lo que reduce su capacidad para proporcionar apoyo, entre el que estar\u00eda un asesoramiento sincero sobre las estrategias de reducci\u00f3n del riesgo. De hecho, las personas profesionales de la salud se han visto obligadas a testificar en los tribunales sobre las conversaciones con sus pacientes.<\/p>\n<p>La criminalizaci\u00f3n del VIH tambi\u00e9n est\u00e1 afectando a la investigaci\u00f3n sobre la prevenci\u00f3n, tratamiento y atenci\u00f3n del VIH, debido a la preocupaci\u00f3n porque se aplique la ley para obtener datos confidenciales en el contexto de un caso penal.<\/p>\n<p><span lang=\"ES-TRAD\">Tambi\u00e9n profundiza las preocupaciones sobre el uso de nuevas tecnolog\u00edas para rastrear la epidemia, como <a href=\"http:\/\/dev.hivjusticeworldwide.org\/es\/mhs\/\">la vigilancia molecular del VIH<\/a>.<\/span><\/p>\n<p><strong>\u00bfC\u00f3mo afecta la criminalizaci\u00f3n del VIH a los derechos humanos?<\/strong><\/p>\n<p>La criminalizaci\u00f3n del VIH socava los derechos humanos de las personas con el VIH, muchas de las cuales pertenecen tambi\u00e9n a comunidades marginadas o doblemente criminalizadas. La amenaza de acudir a la polic\u00eda con acusaciones de no haber revelado el estado serol\u00f3gico al VIH se ha utilizado como forma de abuso o venganza contra parejas seropositivas (con las que se tiene una relaci\u00f3n en ese momento, o se tuvo en el pasado). La penalizaci\u00f3n del VIH coloca a las personas seropositivas \u2013en especial a las mujeres, aunque no solo a ellas\u2013 en una situaci\u00f3n de mayor riesgo de sufrir violencia y abusos, e ignora la realidad de que es posible que algunas carezcan de la capacidad para revelar su estado serol\u00f3gico o no est\u00e1n en condiciones de negociar con su pareja el uso de preservativo<\/p>\n<p>Las declaraciones estigmatizadoras por parte de las fuerzas de orden p\u00fablico o las agencias de salud p\u00fablica, unido a la cobertura de los medios de comunicaci\u00f3n, que pueden incluir nombres completos y fotograf\u00edas \u2013incluso de personas que \u00fanicamente han sido acusadas\u2013 pueden dar lugar a la revelaci\u00f3n p\u00fablica del estado serol\u00f3gico al VIH de una persona y a acusaciones graves de conducta delictiva, lo que puede traducirse en la p\u00e9rdida de empleo y vivienda, al ostracismo social o incluso a ser objeto de violencia f\u00edsica. Con frecuencia, las investigaciones policiales y los enjuiciamientos tienen un impacto desproporcionado sobre las minor\u00edas raciales y sexuales, las personas migrantes y las mujeres. Es posible que las personas acusadas que carezcan de recursos no puedan disponer de una representaci\u00f3n legal adecuada<\/p>\n<p>En ocasiones, se han utilizado algunos de los delitos m\u00e1s graves recogidos en el derecho penal de un pa\u00eds (como, por ejemplo, la agresi\u00f3n con agravantes, la agresi\u00f3n sexual o el intento de asesinato) para enjuiciar la presunta no revelaci\u00f3n del estado serol\u00f3gico en el contexto de un encuentro sexual consensuado. A menudo, las penas impuestas resultan desproporcionadas en relaci\u00f3n al posible da\u00f1o causado, incluyendo largas sentencias de prisi\u00f3n y\/o la designaci\u00f3n como delincuente sexual. Las personas que no tienen la ciudadan\u00eda de su pa\u00eds de residencia tambi\u00e9n pueden ser deportadas tras la condena, lo que puede traer consigo la p\u00e9rdida de atenci\u00f3n m\u00e9dica.<\/p>\n<p style=\"font-weight: 400;\"><strong>\u00bfC\u00f3mo la criminalizaci\u00f3n del VIH coexiste con otras formas de criminalizaci\u00f3n, discriminaci\u00f3n y estigma? <\/strong><\/p>\n<p><span lang=\"ES-TRAD\">Lejos de ser una herramienta leg\u00edtima de la salud p\u00fablica, la criminalizaci\u00f3n del VIH es m\u00e1s bien usada como mecanismo para aumentar el control estatal y la vigilancia policial de grupos marginados o para castigar la vulnerabilidad social.<\/span><\/p>\n<p><span lang=\"ES-TRAD\">La criminalizaci\u00f3n del VIH frecuentemente se usa en conjunto con -y profundiza los da\u00f1os de- otras sanciones legales punitivistas tales como las usadas contra personas trabajadoras sexuales, personas trans, migrantes irregulares, personas usuarias de drogas y para criminalizar las relaciones del mismo sexo.<\/span><\/p>\n<p><span lang=\"ES-TRAD\">La probabilidad de ser enfrentar procesos penales bajo leyes de criminalizaci\u00f3n del VIH aumenta para quienes enfrentan a formas interseccionales de discriminaci\u00f3n, incluyendo la discriminaci\u00f3n por raza, etnia, estatus migratorio, sexo, identidad de g\u00e9nero u orientaci\u00f3n sexual, as\u00ed como para personas en prisi\u00f3n o en otros espacios de detenci\u00f3n, personas sin techo y personas con discapacidad, en particular quienes viven con problemas de salud mental.<\/span><\/p>\n<p style=\"font-weight: 400;\"><strong>\u00bfD\u00f3nde puedo encontrar m\u00e1s informaci\u00f3n? <\/strong><\/p>\n<p><span lang=\"ES-TRAD\">Estrategia mundial contra el sida 2021-2026, de ONUSIDA, reconoce expl\u00edcitamente la criminalizaci\u00f3n del VIH como una barrera para poner fin al VIH como una amenaza para la salud p\u00fablica para 2030, y ha establecido nuevos objetivos globales audaces, espec\u00edficamente que menos del 10% de los pa\u00edses criminalicen la transmisi\u00f3n, la exposici\u00f3n o no hacer p\u00fablico tener el VIH antes de 2025, y menos de un 10% de las personas que viven con el VIH denuncien experimentar estigma y discriminaci\u00f3n en una amplia gama de entornos, incluido el sistema penal<\/span><\/p>\n<p><span lang=\"ES-TRAD\">Puede encontrar mucha m\u00e1s informaci\u00f3n en el sitio web de la <\/span><span lang=\"ES-TRAD\"><a href=\"http:\/\/www.hivjustice.net\/\">HIV Justice Network <\/a><\/span>y en la <span lang=\"ES-TRAD\"><a href=\"http:\/\/academy.hivjustice.net\/\" target=\"_blank\" rel=\"noopener\">HIV Justice Academy<\/a>. <\/span>Los siguientes documentos clave a nivel mundial proporcionan antecedentes esenciales que informan nuestro trabajo.<\/p>\n","protected":false},"excerpt":{"rendered":"<p>La criminalizaci\u00f3n del VIH se refiere a la aplicaci\u00f3n injusta de la legislaci\u00f3n penal sobre las personas que viven con el VIH debido \u00fanicamente a su estado serol\u00f3gico. Esto incluye el uso de leyes penales generales, o espec\u00edficas del VIH, para procesar a las personas con este virus por la transmisi\u00f3n no intencional del VIH, [&hellip;]<\/p>\n","protected":false},"author":5,"featured_media":0,"parent":0,"menu_order":65,"comment_status":"closed","ping_status":"closed","template":"","meta":[],"acf":[],"_links":{"self":[{"href":"http:\/\/dev.hivjusticeworldwide.org\/es\/wp-json\/wp\/v2\/pages\/3644"}],"collection":[{"href":"http:\/\/dev.hivjusticeworldwide.org\/es\/wp-json\/wp\/v2\/pages"}],"about":[{"href":"http:\/\/dev.hivjusticeworldwide.org\/es\/wp-json\/wp\/v2\/types\/page"}],"author":[{"embeddable":true,"href":"http:\/\/dev.hivjusticeworldwide.org\/es\/wp-json\/wp\/v2\/users\/5"}],"replies":[{"embeddable":true,"href":"http:\/\/dev.hivjusticeworldwide.org\/es\/wp-json\/wp\/v2\/comments?post=3644"}],"version-history":[{"count":12,"href":"http:\/\/dev.hivjusticeworldwide.org\/es\/wp-json\/wp\/v2\/pages\/3644\/revisions"}],"predecessor-version":[{"id":3817,"href":"http:\/\/dev.hivjusticeworldwide.org\/es\/wp-json\/wp\/v2\/pages\/3644\/revisions\/3817"}],"wp:attachment":[{"href":"http:\/\/dev.hivjusticeworldwide.org\/es\/wp-json\/wp\/v2\/media?parent=3644"}],"curies":[{"name":"wp","href":"https:\/\/api.w.org\/{rel}","templated":true}]}}